{"id":692,"date":"2025-05-11T21:20:01","date_gmt":"2025-05-11T19:20:01","guid":{"rendered":"https:\/\/association-toulouse-gravure.alwaysdata.net\/?page_id=692"},"modified":"2025-05-13T22:07:39","modified_gmt":"2025-05-13T20:07:39","slug":"wiki-gravure","status":"publish","type":"page","link":"https:\/\/association-toulouse-gravure.alwaysdata.net\/index.php\/wiki-gravure\/","title":{"rendered":"WIKI GRAVURE"},"content":{"rendered":"\n<p>L&rsquo;objet de cette page est de consigner au fil du temps la mise en oeuvre des diff\u00e9rentes techniques de la gravure en taille douce au sein de notre association, \u00e0 savoir :<\/p>\n\n\n\n<p>l&rsquo;eau forte au trait<\/p>\n\n\n\n<p>l&rsquo;aquatinte<\/p>\n\n\n\n<p>le burin<\/p>\n\n\n\n<p>la mani\u00e8re noire<\/p>\n\n\n\n<p>Toures ces techniques ont des points communs qui vont e^tre successivement examin\u00e9es.<\/p>\n\n\n\n<p><\/p>\n\n\n\n<p><strong>Le perchlorure.<\/strong><\/p>\n\n\n\n<p><strong>Petit rappel (<\/strong>disponible dans tous les livres techniques sur la gravure)<\/p>\n\n\n\n<ul class=\"wp-block-list\">\n<li>Le perchlorure doit \u00eatre amorc\u00e9 ( un petit bout de cuivre pendant une nuit, ou un peu de vieux perchlo)<\/li>\n\n\n\n<li>la densit\u00e9 optimale est autour de 35-36 \u00b0 baum\u00e9s ( les bidons neufs sont classiquement vendus \u00e0 42 \u00b0 Baum\u00e9s: il faut donc le diluer avec de l\u2019eau d\u00e9min\u00e9ralis\u00e9e)<\/li>\n\n\n\n<li>la temp\u00e9rature minimale d\u2019utilisation est de 18\u00b0C (la temp\u00e9rature de l\u2019atelier le matin est autour de 16\u00b0C en cette p\u00e9riode)<\/li>\n\n\n\n<li>pour les eaux fortes au trait les plaques doivent \u00eatre mises \u00e0 l\u2019envers pour \u00e9liminer les r\u00e9sidus qui bouchent les incisions.\n<ul class=\"wp-block-list\">\n<li>pour les aquatintes il ne faut pas le faire car apr\u00e8s la premi\u00e8re morsure les bulles d\u2019air restent coinc\u00e9es sous la plaque et les diff\u00e9rences d\u2019attaques seront visibles \u00e0 l\u2019impression. Donc on remue le prerchlorure pendant la tempe de la plaque.<\/li>\n<\/ul>\n<\/li>\n\n\n\n<li>le perchlorure attaque le m\u00e9tal (incision) en profondeur mais pas en largeur. d\u2019o\u00f9 la n\u00e9cessit\u00e9 d\u2019avoir des pointes s\u00e8ches d\u2019\u00e9paisseur diff\u00e9rente en fonction de la largeur du trait que l\u2019on souhaite. C\u2019est une diff\u00e9rence majeure avec le mordant nitrique qui justifie l\u2019utilisation du zinc si l\u2019on veut jouer sur l\u2019\u00e9paisseur du trait. On pourrait aussi le faire avec du cuivre mais pas dans notre atelier car la densit\u00e9 du mordant nitrique est diff\u00e9rente pour le cuivre et le zinc.<\/li>\n<\/ul>\n\n\n\n<p><\/p>\n","protected":false},"excerpt":{"rendered":"<p>L&rsquo;objet de cette page est de consigner au fil du temps la mise en oeuvre des diff\u00e9rentes techniques de la gravure en taille douce au sein de notre association, \u00e0 savoir : l&rsquo;eau forte au trait l&rsquo;aquatinte le burin la mani\u00e8re noire Toures ces techniques ont des points communs qui vont e^tre successivement examin\u00e9es. Le [&hellip;]<\/p>\n","protected":false},"author":2,"featured_media":0,"parent":0,"menu_order":0,"comment_status":"closed","ping_status":"closed","template":"","meta":{"footnotes":""},"class_list":["post-692","page","type-page","status-publish","hentry"],"_links":{"self":[{"href":"https:\/\/association-toulouse-gravure.alwaysdata.net\/index.php\/wp-json\/wp\/v2\/pages\/692","targetHints":{"allow":["GET"]}}],"collection":[{"href":"https:\/\/association-toulouse-gravure.alwaysdata.net\/index.php\/wp-json\/wp\/v2\/pages"}],"about":[{"href":"https:\/\/association-toulouse-gravure.alwaysdata.net\/index.php\/wp-json\/wp\/v2\/types\/page"}],"author":[{"embeddable":true,"href":"https:\/\/association-toulouse-gravure.alwaysdata.net\/index.php\/wp-json\/wp\/v2\/users\/2"}],"replies":[{"embeddable":true,"href":"https:\/\/association-toulouse-gravure.alwaysdata.net\/index.php\/wp-json\/wp\/v2\/comments?post=692"}],"version-history":[{"count":3,"href":"https:\/\/association-toulouse-gravure.alwaysdata.net\/index.php\/wp-json\/wp\/v2\/pages\/692\/revisions"}],"predecessor-version":[{"id":696,"href":"https:\/\/association-toulouse-gravure.alwaysdata.net\/index.php\/wp-json\/wp\/v2\/pages\/692\/revisions\/696"}],"wp:attachment":[{"href":"https:\/\/association-toulouse-gravure.alwaysdata.net\/index.php\/wp-json\/wp\/v2\/media?parent=692"}],"curies":[{"name":"wp","href":"https:\/\/api.w.org\/{rel}","templated":true}]}}