{"id":556,"date":"2024-01-15T21:41:25","date_gmt":"2024-01-15T20:41:25","guid":{"rendered":"https:\/\/association-toulouse-gravure.alwaysdata.net\/?page_id=556"},"modified":"2025-02-04T13:49:49","modified_gmt":"2025-02-04T12:49:49","slug":"photos","status":"publish","type":"page","link":"https:\/\/association-toulouse-gravure.alwaysdata.net\/index.php\/photos\/","title":{"rendered":"Photos"},"content":{"rendered":"\n<h2 class=\"wp-block-heading\">La galette des rois <\/h2>\n\n\n\n<p><em>(samedi 18 janvier 2025)<\/em><\/p>\n\n\n\n<figure class=\"wp-block-gallery has-nested-images columns-default is-cropped wp-block-gallery-1 is-layout-flex wp-block-gallery-is-layout-flex\">\n<figure class=\"wp-block-image size-large\"><img loading=\"lazy\" decoding=\"async\" width=\"879\" height=\"616\" data-id=\"676\" src=\"https:\/\/association-toulouse-gravure.alwaysdata.net\/wp-content\/uploads\/2025\/01\/Capture-de\u0301cran-2025-01-20-a\u0300-22.55.15-1.png\" alt=\"\" class=\"wp-image-676\" srcset=\"https:\/\/association-toulouse-gravure.alwaysdata.net\/wp-content\/uploads\/2025\/01\/Capture-de\u0301cran-2025-01-20-a\u0300-22.55.15-1.png 879w, https:\/\/association-toulouse-gravure.alwaysdata.net\/wp-content\/uploads\/2025\/01\/Capture-de\u0301cran-2025-01-20-a\u0300-22.55.15-1-300x210.png 300w, https:\/\/association-toulouse-gravure.alwaysdata.net\/wp-content\/uploads\/2025\/01\/Capture-de\u0301cran-2025-01-20-a\u0300-22.55.15-1-768x538.png 768w\" sizes=\"auto, (max-width: 879px) 100vw, 879px\" \/><\/figure>\n<\/figure>\n\n\n\n<h2 class=\"wp-block-heading\">Les veux 2025 de l&rsquo;association <\/h2>\n\n\n\n<p><em>(gravure de Martine Relyveld)<\/em><\/p>\n\n\n\n<figure class=\"wp-block-image size-full is-resized\"><img loading=\"lazy\" decoding=\"async\" width=\"398\" height=\"397\" src=\"https:\/\/association-toulouse-gravure.alwaysdata.net\/wp-content\/uploads\/2024\/12\/Capture-de\u0301cran-2024-12-29-a\u0300-17.42.16.png\" alt=\"\" class=\"wp-image-635\" style=\"width:609px;height:auto\" srcset=\"https:\/\/association-toulouse-gravure.alwaysdata.net\/wp-content\/uploads\/2024\/12\/Capture-de\u0301cran-2024-12-29-a\u0300-17.42.16.png 398w, https:\/\/association-toulouse-gravure.alwaysdata.net\/wp-content\/uploads\/2024\/12\/Capture-de\u0301cran-2024-12-29-a\u0300-17.42.16-300x300.png 300w, https:\/\/association-toulouse-gravure.alwaysdata.net\/wp-content\/uploads\/2024\/12\/Capture-de\u0301cran-2024-12-29-a\u0300-17.42.16-150x150.png 150w\" sizes=\"auto, (max-width: 398px) 100vw, 398px\" \/><\/figure>\n\n\n\n<h2 class=\"wp-block-heading\">Repas de la fin de l&rsquo;ann\u00e9e 2024<\/h2>\n\n\n\n<figure class=\"wp-block-image size-large\"><img loading=\"lazy\" decoding=\"async\" width=\"1024\" height=\"768\" src=\"https:\/\/association-toulouse-gravure.alwaysdata.net\/wp-content\/uploads\/2025\/01\/PXL_20241221_114504107-1-1024x768.jpg\" alt=\"\" class=\"wp-image-679\" srcset=\"https:\/\/association-toulouse-gravure.alwaysdata.net\/wp-content\/uploads\/2025\/01\/PXL_20241221_114504107-1-1024x768.jpg 1024w, https:\/\/association-toulouse-gravure.alwaysdata.net\/wp-content\/uploads\/2025\/01\/PXL_20241221_114504107-1-300x225.jpg 300w, https:\/\/association-toulouse-gravure.alwaysdata.net\/wp-content\/uploads\/2025\/01\/PXL_20241221_114504107-1-768x576.jpg 768w, https:\/\/association-toulouse-gravure.alwaysdata.net\/wp-content\/uploads\/2025\/01\/PXL_20241221_114504107-1-1536x1152.jpg 1536w, https:\/\/association-toulouse-gravure.alwaysdata.net\/wp-content\/uploads\/2025\/01\/PXL_20241221_114504107-1-2048x1536.jpg 2048w, https:\/\/association-toulouse-gravure.alwaysdata.net\/wp-content\/uploads\/2025\/01\/PXL_20241221_114504107-1-1200x900.jpg 1200w, https:\/\/association-toulouse-gravure.alwaysdata.net\/wp-content\/uploads\/2025\/01\/PXL_20241221_114504107-1-1980x1485.jpg 1980w\" sizes=\"auto, (max-width: 1024px) 100vw, 1024px\" \/><\/figure>\n\n\n\n<h2 class=\"wp-block-heading\">Les \u00e9v\u00e8nements de l&rsquo;association<\/h2>\n\n\n\n<figure class=\"wp-block-gallery has-nested-images columns-default is-cropped wp-block-gallery-2 is-layout-flex wp-block-gallery-is-layout-flex\">\n<figure class=\"wp-block-image alignwide size-large\"><img loading=\"lazy\" decoding=\"async\" width=\"300\" height=\"417\" data-id=\"423\" src=\"https:\/\/association-toulouse-gravure.alwaysdata.net\/wp-content\/uploads\/2022\/10\/Capture-de\u0301cran-2022-10-04-a\u0300-11.32.19.png\" alt=\"\" class=\"wp-image-423\" srcset=\"https:\/\/association-toulouse-gravure.alwaysdata.net\/wp-content\/uploads\/2022\/10\/Capture-de\u0301cran-2022-10-04-a\u0300-11.32.19.png 300w, https:\/\/association-toulouse-gravure.alwaysdata.net\/wp-content\/uploads\/2022\/10\/Capture-de\u0301cran-2022-10-04-a\u0300-11.32.19-216x300.png 216w\" sizes=\"auto, (max-width: 300px) 100vw, 300px\" \/><\/figure>\n\n\n\n<figure class=\"wp-block-image alignwide size-large\"><img loading=\"lazy\" decoding=\"async\" width=\"500\" height=\"500\" data-id=\"394\" src=\"https:\/\/association-toulouse-gravure.alwaysdata.net\/wp-content\/uploads\/2022\/05\/Capture-de\u0301cran-2022-05-27-a\u0300-19.06.47.png\" alt=\"\" class=\"wp-image-394\" srcset=\"https:\/\/association-toulouse-gravure.alwaysdata.net\/wp-content\/uploads\/2022\/05\/Capture-de\u0301cran-2022-05-27-a\u0300-19.06.47.png 500w, https:\/\/association-toulouse-gravure.alwaysdata.net\/wp-content\/uploads\/2022\/05\/Capture-de\u0301cran-2022-05-27-a\u0300-19.06.47-300x300.png 300w, https:\/\/association-toulouse-gravure.alwaysdata.net\/wp-content\/uploads\/2022\/05\/Capture-de\u0301cran-2022-05-27-a\u0300-19.06.47-150x150.png 150w\" sizes=\"auto, (max-width: 500px) 100vw, 500px\" \/><\/figure>\n\n\n\n<figure class=\"wp-block-image size-large\"><img loading=\"lazy\" decoding=\"async\" width=\"563\" height=\"793\" data-id=\"472\" src=\"https:\/\/association-toulouse-gravure.alwaysdata.net\/wp-content\/uploads\/2023\/05\/Capture-de\u0301cran-2023-05-22-a\u0300-14.28.02.png\" alt=\"\" class=\"wp-image-472\" srcset=\"https:\/\/association-toulouse-gravure.alwaysdata.net\/wp-content\/uploads\/2023\/05\/Capture-de\u0301cran-2023-05-22-a\u0300-14.28.02.png 563w, https:\/\/association-toulouse-gravure.alwaysdata.net\/wp-content\/uploads\/2023\/05\/Capture-de\u0301cran-2023-05-22-a\u0300-14.28.02-213x300.png 213w\" sizes=\"auto, (max-width: 563px) 100vw, 563px\" \/><\/figure>\n\n\n\n<figure class=\"wp-block-image alignwide size-large\"><img loading=\"lazy\" decoding=\"async\" width=\"362\" height=\"523\" data-id=\"532\" src=\"https:\/\/association-toulouse-gravure.alwaysdata.net\/wp-content\/uploads\/2023\/11\/Portes-ouvertes-Noel-2023.png\" alt=\"\" class=\"wp-image-532\" srcset=\"https:\/\/association-toulouse-gravure.alwaysdata.net\/wp-content\/uploads\/2023\/11\/Portes-ouvertes-Noel-2023.png 362w, https:\/\/association-toulouse-gravure.alwaysdata.net\/wp-content\/uploads\/2023\/11\/Portes-ouvertes-Noel-2023-208x300.png 208w\" sizes=\"auto, (max-width: 362px) 100vw, 362px\" \/><\/figure>\n<\/figure>\n\n\n\n<p><\/p>\n\n\n\n<h2 class=\"wp-block-heading\"><\/h2>\n\n\n\n<figure class=\"wp-block-gallery has-nested-images columns-default is-cropped wp-block-gallery-3 is-layout-flex wp-block-gallery-is-layout-flex\"><\/figure>\n","protected":false},"excerpt":{"rendered":"<p>La galette des rois (samedi 18 janvier 2025) Les veux 2025 de l&rsquo;association (gravure de Martine Relyveld) Repas de la fin de l&rsquo;ann\u00e9e 2024 Les \u00e9v\u00e8nements de l&rsquo;association<\/p>\n","protected":false},"author":2,"featured_media":0,"parent":0,"menu_order":0,"comment_status":"closed","ping_status":"closed","template":"","meta":{"footnotes":""},"class_list":["post-556","page","type-page","status-publish","hentry"],"_links":{"self":[{"href":"https:\/\/association-toulouse-gravure.alwaysdata.net\/index.php\/wp-json\/wp\/v2\/pages\/556","targetHints":{"allow":["GET"]}}],"collection":[{"href":"https:\/\/association-toulouse-gravure.alwaysdata.net\/index.php\/wp-json\/wp\/v2\/pages"}],"about":[{"href":"https:\/\/association-toulouse-gravure.alwaysdata.net\/index.php\/wp-json\/wp\/v2\/types\/page"}],"author":[{"embeddable":true,"href":"https:\/\/association-toulouse-gravure.alwaysdata.net\/index.php\/wp-json\/wp\/v2\/users\/2"}],"replies":[{"embeddable":true,"href":"https:\/\/association-toulouse-gravure.alwaysdata.net\/index.php\/wp-json\/wp\/v2\/comments?post=556"}],"version-history":[{"count":12,"href":"https:\/\/association-toulouse-gravure.alwaysdata.net\/index.php\/wp-json\/wp\/v2\/pages\/556\/revisions"}],"predecessor-version":[{"id":686,"href":"https:\/\/association-toulouse-gravure.alwaysdata.net\/index.php\/wp-json\/wp\/v2\/pages\/556\/revisions\/686"}],"wp:attachment":[{"href":"https:\/\/association-toulouse-gravure.alwaysdata.net\/index.php\/wp-json\/wp\/v2\/media?parent=556"}],"curies":[{"name":"wp","href":"https:\/\/api.w.org\/{rel}","templated":true}]}}