{"id":287,"date":"2022-04-10T22:37:25","date_gmt":"2022-04-10T20:37:25","guid":{"rendered":"https:\/\/association-toulouse-gravure.alwaysdata.net\/?page_id=287"},"modified":"2025-01-30T21:53:23","modified_gmt":"2025-01-30T20:53:23","slug":"galerie","status":"publish","type":"page","link":"https:\/\/association-toulouse-gravure.alwaysdata.net\/index.php\/galerie\/","title":{"rendered":"Galerie"},"content":{"rendered":"\n<h2 class=\"wp-block-heading alignwide\">Galerie des graveurs Garrigou <\/h2>\n\n\n\n<div class=\"wp-block-columns alignwide is-layout-flex wp-container-core-columns-is-layout-9d6595d7 wp-block-columns-is-layout-flex\">\n<div class=\"wp-block-column is-layout-flow wp-block-column-is-layout-flow\">\n<ul class=\"wp-block-list\">\n<li><a href=\"https:\/\/www.instagram.com\/abeilleprint\/\">ABEILLE Catherine<\/a><\/li>\n\n\n\n<li>BALAS Sophie<\/li>\n\n\n\n<li><a href=\"https:\/\/www.facebook.com\/i.barruol\/\">BARRUOL Isabelle<\/a><\/li>\n\n\n\n<li>BAUX Martine<\/li>\n\n\n\n<li>BENEZECH Marc<\/li>\n\n\n\n<li>BERGES Jerome<\/li>\n\n\n\n<li>BERHNARDT Liliane<\/li>\n\n\n\n<li>BOUE Joelle<\/li>\n\n\n\n<li>BRASSART Hortense<\/li>\n\n\n\n<li>BRILLET Chantal<\/li>\n\n\n\n<li>BROUANT Annie<\/li>\n\n\n\n<li>CAZEAUX Maria<\/li>\n\n\n\n<li><a href=\"https:\/\/www.instagram.com\/staringatthesea_cure\/#\">CHEN Jing<\/a><\/li>\n\n\n\n<li>CHEVROT Jacky<\/li>\n\n\n\n<li>DELAUNOY Brigitte<\/li>\n\n\n\n<li>DESAULTY Claude<\/li>\n\n\n\n<li>DROUERE-POIROUX Evelyne<\/li>\n\n\n\n<li><a href=\"http:\/\/faisant.alwaysdata.net\">FAISANT Pierre-Philippe<\/a><\/li>\n\n\n\n<li>FERRIE Claudette<\/li>\n\n\n\n<li><a href=\"https:\/\/catherine-gaio.fr\/\">GA\u00cfO Catherine<\/a><\/li>\n\n\n\n<li>GALABRUN Evelyne<\/li>\n<\/ul>\n\n\n\n<div class=\"wp-block-columns is-layout-flex wp-container-core-columns-is-layout-9d6595d7 wp-block-columns-is-layout-flex\">\n<div class=\"wp-block-column is-layout-flow wp-block-column-is-layout-flow\"><\/div>\n\n\n\n<div class=\"wp-block-column is-layout-flow wp-block-column-is-layout-flow\"><\/div>\n\n\n\n<div class=\"wp-block-column is-layout-flow wp-block-column-is-layout-flow\"><\/div>\n<\/div>\n\n\n\n<ul class=\"wp-block-list\">\n<li>GIANOLA Catherine<\/li>\n\n\n\n<li>GIORGADIS Brigitte<\/li>\n\n\n\n<li>JOURDA Valerie<\/li>\n\n\n\n<li><a href=\"https:\/\/lesartsenbaladeatoulouse.org\/fiche_artiste\/ostrowska-lang-iwa\/\">IWA<\/a><\/li>\n\n\n\n<li>JUNCA Jean<\/li>\n\n\n\n<li>KREBS Arielle<\/li>\n\n\n\n<li>LAFON Rolland<\/li>\n\n\n\n<li>LECONTE Denyse<\/li>\n\n\n\n<li>LEJUEZ Laura<\/li>\n\n\n\n<li><a href=\"https:\/\/www.instagram.com\/lylou.le.signor\/?hl=fr\">LE SIGNOR Lylou<\/a><\/li>\n\n\n\n<li>LHOMET Bruo<\/li>\n\n\n\n<li><a href=\"https:\/\/www.lesgraveursdusamedi.com\/graveur\/emmanuel-luzarreta\/\">LUZARETTA Emmanuel<\/a><\/li>\n\n\n\n<li>MAUGARD Fabienne<\/li>\n\n\n\n<li><a href=\"https:\/\/www.lesgraveursdusamedi.com\/graveur\/cathy-panissard\/\">PANISSARD Catherine<\/a><\/li>\n\n\n\n<li>PINSON Nadine<\/li>\n\n\n\n<li>PEIXOTO Matia<\/li>\n\n\n\n<li><a href=\"https:\/\/www.instagram.com\/palikao_31\/#\">PONSELLE Claire<\/a><\/li>\n\n\n\n<li>POULIQUEN Jean-Fran\u00e7ois<\/li>\n\n\n\n<li>PUEL Bruno<\/li>\n\n\n\n<li><a href=\"http:\/\/martinerelyveld-gravure.chez-alice.fr\/\">RELYVELD Martine<\/a><\/li>\n\n\n\n<li><a href=\"http:\/\/www.nathalierio.com\">RIO Nathalie<\/a><\/li>\n\n\n\n<li>RODRIGUEZ Anne<\/li>\n\n\n\n<li>ROUSSE Helene<\/li>\n\n\n\n<li>SAURET Bernadette<\/li>\n\n\n\n<li>SUDRE Michel<\/li>\n\n\n\n<li>TORZEC Virginie<\/li>\n\n\n\n<li>VANDERMARCQ Heloise<\/li>\n\n\n\n<li>VANNEREAU Nathalie<\/li>\n\n\n\n<li>VILLEMINOT Hel\u00e8ne<\/li>\n\n\n\n<li>PALLARO Fanny<\/li>\n<\/ul>\n<\/div>\n<\/div>\n\n\n\n<ul class=\"wp-block-list\">\n<li>Belle r\u00e9alisation de Jean-Bernard lors d&rsquo;une s\u00e9ance d\u00e9couverte du monotype ce lundi 25 avril 2022.<\/li>\n<\/ul>\n\n\n\n<figure class=\"wp-block-gallery has-nested-images columns-default is-cropped wp-block-gallery-1 is-layout-flex wp-block-gallery-is-layout-flex\">\n<figure class=\"wp-block-image size-large\"><img loading=\"lazy\" decoding=\"async\" width=\"400\" height=\"367\" data-id=\"370\" src=\"https:\/\/association-toulouse-gravure.alwaysdata.net\/wp-content\/uploads\/2022\/04\/Capture-de\u0301cran-2022-04-26-a\u0300-13.26.46.png\" alt=\"\" class=\"wp-image-370\" srcset=\"https:\/\/association-toulouse-gravure.alwaysdata.net\/wp-content\/uploads\/2022\/04\/Capture-de\u0301cran-2022-04-26-a\u0300-13.26.46.png 400w, https:\/\/association-toulouse-gravure.alwaysdata.net\/wp-content\/uploads\/2022\/04\/Capture-de\u0301cran-2022-04-26-a\u0300-13.26.46-300x275.png 300w\" sizes=\"auto, (max-width: 400px) 100vw, 400px\" \/><\/figure>\n\n\n\n<figure class=\"wp-block-image size-large\"><img loading=\"lazy\" decoding=\"async\" width=\"400\" height=\"363\" data-id=\"372\" src=\"https:\/\/association-toulouse-gravure.alwaysdata.net\/wp-content\/uploads\/2022\/04\/Capture-de\u0301cran-2022-04-26-a\u0300-13.27.03.png\" alt=\"\" class=\"wp-image-372\" srcset=\"https:\/\/association-toulouse-gravure.alwaysdata.net\/wp-content\/uploads\/2022\/04\/Capture-de\u0301cran-2022-04-26-a\u0300-13.27.03.png 400w, https:\/\/association-toulouse-gravure.alwaysdata.net\/wp-content\/uploads\/2022\/04\/Capture-de\u0301cran-2022-04-26-a\u0300-13.27.03-300x272.png 300w\" sizes=\"auto, (max-width: 400px) 100vw, 400px\" \/><\/figure>\n\n\n\n<figure class=\"wp-block-image size-large\"><img loading=\"lazy\" decoding=\"async\" width=\"400\" height=\"351\" data-id=\"371\" src=\"https:\/\/association-toulouse-gravure.alwaysdata.net\/wp-content\/uploads\/2022\/04\/Capture-de\u0301cran-2022-04-26-a\u0300-13.27.17.png\" alt=\"\" class=\"wp-image-371\" srcset=\"https:\/\/association-toulouse-gravure.alwaysdata.net\/wp-content\/uploads\/2022\/04\/Capture-de\u0301cran-2022-04-26-a\u0300-13.27.17.png 400w, https:\/\/association-toulouse-gravure.alwaysdata.net\/wp-content\/uploads\/2022\/04\/Capture-de\u0301cran-2022-04-26-a\u0300-13.27.17-300x263.png 300w\" sizes=\"auto, (max-width: 400px) 100vw, 400px\" \/><\/figure>\n<\/figure>\n\n\n\n<p><\/p>\n\n\n\n<ul class=\"wp-block-list\">\n<li>Premi\u00e8res gravures \u00e0 la pointe s\u00e8che des \u00e9l\u00e8ves du club manga de  St-Joseph &#8211; La Salle,  anim\u00e9 par Claire Poilblanc, professeur documentaliste.<\/li>\n<\/ul>\n\n\n\n<figure class=\"wp-block-gallery has-nested-images columns-default is-cropped wp-block-gallery-2 is-layout-flex wp-block-gallery-is-layout-flex\">\n<figure class=\"wp-block-image size-large\"><img loading=\"lazy\" decoding=\"async\" width=\"214\" height=\"338\" data-id=\"288\" src=\"https:\/\/association-toulouse-gravure.alwaysdata.net\/wp-content\/uploads\/2022\/04\/Capture-de\u0301cran-2022-04-10-a\u0300-22.25.21.png\" alt=\"\" class=\"wp-image-288\" srcset=\"https:\/\/association-toulouse-gravure.alwaysdata.net\/wp-content\/uploads\/2022\/04\/Capture-de\u0301cran-2022-04-10-a\u0300-22.25.21.png 214w, https:\/\/association-toulouse-gravure.alwaysdata.net\/wp-content\/uploads\/2022\/04\/Capture-de\u0301cran-2022-04-10-a\u0300-22.25.21-190x300.png 190w\" sizes=\"auto, (max-width: 214px) 100vw, 214px\" \/><\/figure>\n\n\n\n<figure class=\"wp-block-image size-large\"><img loading=\"lazy\" decoding=\"async\" width=\"552\" height=\"762\" data-id=\"291\" src=\"https:\/\/association-toulouse-gravure.alwaysdata.net\/wp-content\/uploads\/2022\/04\/Capture-de\u0301cran-2022-04-10-a\u0300-22.24.31.png\" alt=\"\" class=\"wp-image-291\" srcset=\"https:\/\/association-toulouse-gravure.alwaysdata.net\/wp-content\/uploads\/2022\/04\/Capture-de\u0301cran-2022-04-10-a\u0300-22.24.31.png 552w, https:\/\/association-toulouse-gravure.alwaysdata.net\/wp-content\/uploads\/2022\/04\/Capture-de\u0301cran-2022-04-10-a\u0300-22.24.31-217x300.png 217w\" sizes=\"auto, (max-width: 552px) 100vw, 552px\" \/><\/figure>\n\n\n\n<figure class=\"wp-block-image size-large\"><img loading=\"lazy\" decoding=\"async\" width=\"971\" height=\"775\" data-id=\"292\" src=\"https:\/\/association-toulouse-gravure.alwaysdata.net\/wp-content\/uploads\/2022\/04\/Capture-de\u0301cran-2022-04-10-a\u0300-22.24.17.png\" alt=\"\" class=\"wp-image-292\" srcset=\"https:\/\/association-toulouse-gravure.alwaysdata.net\/wp-content\/uploads\/2022\/04\/Capture-de\u0301cran-2022-04-10-a\u0300-22.24.17.png 971w, https:\/\/association-toulouse-gravure.alwaysdata.net\/wp-content\/uploads\/2022\/04\/Capture-de\u0301cran-2022-04-10-a\u0300-22.24.17-300x239.png 300w, https:\/\/association-toulouse-gravure.alwaysdata.net\/wp-content\/uploads\/2022\/04\/Capture-de\u0301cran-2022-04-10-a\u0300-22.24.17-768x613.png 768w\" sizes=\"auto, (max-width: 971px) 100vw, 971px\" \/><\/figure>\n<\/figure>\n","protected":false},"excerpt":{"rendered":"<p>Galerie des graveurs Garrigou<\/p>\n","protected":false},"author":2,"featured_media":0,"parent":0,"menu_order":0,"comment_status":"closed","ping_status":"closed","template":"templates\/template-full-width.php","meta":{"footnotes":""},"class_list":["post-287","page","type-page","status-publish","hentry"],"_links":{"self":[{"href":"https:\/\/association-toulouse-gravure.alwaysdata.net\/index.php\/wp-json\/wp\/v2\/pages\/287","targetHints":{"allow":["GET"]}}],"collection":[{"href":"https:\/\/association-toulouse-gravure.alwaysdata.net\/index.php\/wp-json\/wp\/v2\/pages"}],"about":[{"href":"https:\/\/association-toulouse-gravure.alwaysdata.net\/index.php\/wp-json\/wp\/v2\/types\/page"}],"author":[{"embeddable":true,"href":"https:\/\/association-toulouse-gravure.alwaysdata.net\/index.php\/wp-json\/wp\/v2\/users\/2"}],"replies":[{"embeddable":true,"href":"https:\/\/association-toulouse-gravure.alwaysdata.net\/index.php\/wp-json\/wp\/v2\/comments?post=287"}],"version-history":[{"count":44,"href":"https:\/\/association-toulouse-gravure.alwaysdata.net\/index.php\/wp-json\/wp\/v2\/pages\/287\/revisions"}],"predecessor-version":[{"id":673,"href":"https:\/\/association-toulouse-gravure.alwaysdata.net\/index.php\/wp-json\/wp\/v2\/pages\/287\/revisions\/673"}],"wp:attachment":[{"href":"https:\/\/association-toulouse-gravure.alwaysdata.net\/index.php\/wp-json\/wp\/v2\/media?parent=287"}],"curies":[{"name":"wp","href":"https:\/\/api.w.org\/{rel}","templated":true}]}}