{"id":283,"date":"2022-04-08T22:52:25","date_gmt":"2022-04-08T20:52:25","guid":{"rendered":"https:\/\/association-toulouse-gravure.alwaysdata.net\/?page_id=283"},"modified":"2022-04-12T17:50:14","modified_gmt":"2022-04-12T15:50:14","slug":"fond-de-gravures-croix-baragnon","status":"publish","type":"page","link":"https:\/\/association-toulouse-gravure.alwaysdata.net\/index.php\/fond-de-gravures-croix-baragnon\/","title":{"rendered":"Fond de gravures Croix Baragnon"},"content":{"rendered":"\n<p>C&rsquo;\u00e9tait une habitude mise en place par Claudette Ferri\u00e9, responsable de l&rsquo;atelier de gravure, de demander \u00e0 chaque adh\u00e9rent de laisser \u00e0 l&rsquo;atelier une gravure de chacune des  r\u00e9alisations.<\/p>\n\n\n\n<p>Apr\u00e8s presque quarante ans d&rsquo;existence l&rsquo;atelier dispose d&rsquo;un fond constitu\u00e9 de plus de 1000 gravures r\u00e9alis\u00e9es sur une p\u00e9riode d&rsquo;environ 40 ans et de nombreuses expositions th\u00e9matiques.<\/p>\n\n\n\n<figure class=\"wp-block-gallery has-nested-images columns-default is-cropped wp-block-gallery-1 is-layout-flex wp-block-gallery-is-layout-flex\">\n<figure class=\"wp-block-image size-large\"><img loading=\"lazy\" decoding=\"async\" width=\"711\" height=\"738\" data-id=\"284\" src=\"https:\/\/association-toulouse-gravure.alwaysdata.net\/wp-content\/uploads\/2022\/04\/Capture-de\u0301cran-2022-04-08-a\u0300-22.47.55.png\" alt=\"\" class=\"wp-image-284\" srcset=\"https:\/\/association-toulouse-gravure.alwaysdata.net\/wp-content\/uploads\/2022\/04\/Capture-de\u0301cran-2022-04-08-a\u0300-22.47.55.png 711w, https:\/\/association-toulouse-gravure.alwaysdata.net\/wp-content\/uploads\/2022\/04\/Capture-de\u0301cran-2022-04-08-a\u0300-22.47.55-289x300.png 289w\" sizes=\"auto, (max-width: 711px) 100vw, 711px\" \/><\/figure>\n<\/figure>\n\n\n\n<ul class=\"wp-block-list\"><li>Le fond est consultable sur rendez-vous.<\/li><\/ul>\n\n\n\n<figure class=\"wp-block-image size-full\"><img loading=\"lazy\" decoding=\"async\" width=\"610\" height=\"752\" src=\"https:\/\/association-toulouse-gravure.alwaysdata.net\/wp-content\/uploads\/2022\/04\/Capture-de\u0301cran-2022-04-12-a\u0300-17.43.56.png\" alt=\"\" class=\"wp-image-324\" srcset=\"https:\/\/association-toulouse-gravure.alwaysdata.net\/wp-content\/uploads\/2022\/04\/Capture-de\u0301cran-2022-04-12-a\u0300-17.43.56.png 610w, https:\/\/association-toulouse-gravure.alwaysdata.net\/wp-content\/uploads\/2022\/04\/Capture-de\u0301cran-2022-04-12-a\u0300-17.43.56-243x300.png 243w\" sizes=\"auto, (max-width: 610px) 100vw, 610px\" \/><\/figure>\n\n\n\n<figure class=\"wp-block-image size-full\"><img loading=\"lazy\" decoding=\"async\" width=\"931\" height=\"761\" src=\"https:\/\/association-toulouse-gravure.alwaysdata.net\/wp-content\/uploads\/2022\/04\/Capture-de\u0301cran-2022-04-12-a\u0300-17.46.25.png\" alt=\"\" class=\"wp-image-322\" srcset=\"https:\/\/association-toulouse-gravure.alwaysdata.net\/wp-content\/uploads\/2022\/04\/Capture-de\u0301cran-2022-04-12-a\u0300-17.46.25.png 931w, https:\/\/association-toulouse-gravure.alwaysdata.net\/wp-content\/uploads\/2022\/04\/Capture-de\u0301cran-2022-04-12-a\u0300-17.46.25-300x245.png 300w, https:\/\/association-toulouse-gravure.alwaysdata.net\/wp-content\/uploads\/2022\/04\/Capture-de\u0301cran-2022-04-12-a\u0300-17.46.25-768x628.png 768w\" sizes=\"auto, (max-width: 931px) 100vw, 931px\" \/><\/figure>\n\n\n\n<figure class=\"wp-block-gallery has-nested-images columns-default is-cropped wp-block-gallery-2 is-layout-flex wp-block-gallery-is-layout-flex\">\n<figure class=\"wp-block-image size-large\"><img loading=\"lazy\" decoding=\"async\" width=\"522\" height=\"767\" data-id=\"314\" src=\"https:\/\/association-toulouse-gravure.alwaysdata.net\/wp-content\/uploads\/2022\/04\/Capture-de\u0301cran-2022-04-11-a\u0300-22.46.13.png\" alt=\"\" class=\"wp-image-314\" srcset=\"https:\/\/association-toulouse-gravure.alwaysdata.net\/wp-content\/uploads\/2022\/04\/Capture-de\u0301cran-2022-04-11-a\u0300-22.46.13.png 522w, https:\/\/association-toulouse-gravure.alwaysdata.net\/wp-content\/uploads\/2022\/04\/Capture-de\u0301cran-2022-04-11-a\u0300-22.46.13-204x300.png 204w\" sizes=\"auto, (max-width: 522px) 100vw, 522px\" \/><\/figure>\n<\/figure>\n\n\n\n<figure class=\"wp-block-image size-full\"><img loading=\"lazy\" decoding=\"async\" width=\"998\" height=\"782\" src=\"https:\/\/association-toulouse-gravure.alwaysdata.net\/wp-content\/uploads\/2022\/04\/Capture-de\u0301cran-2022-04-11-a\u0300-22.48.34.png\" alt=\"\" class=\"wp-image-315\" srcset=\"https:\/\/association-toulouse-gravure.alwaysdata.net\/wp-content\/uploads\/2022\/04\/Capture-de\u0301cran-2022-04-11-a\u0300-22.48.34.png 998w, https:\/\/association-toulouse-gravure.alwaysdata.net\/wp-content\/uploads\/2022\/04\/Capture-de\u0301cran-2022-04-11-a\u0300-22.48.34-300x235.png 300w, https:\/\/association-toulouse-gravure.alwaysdata.net\/wp-content\/uploads\/2022\/04\/Capture-de\u0301cran-2022-04-11-a\u0300-22.48.34-768x602.png 768w\" sizes=\"auto, (max-width: 998px) 100vw, 998px\" \/><\/figure>\n\n\n\n<figure class=\"wp-block-image size-full\"><img loading=\"lazy\" decoding=\"async\" width=\"520\" height=\"776\" src=\"https:\/\/association-toulouse-gravure.alwaysdata.net\/wp-content\/uploads\/2022\/04\/Capture-de\u0301cran-2022-04-12-a\u0300-17.44.12.png\" alt=\"\" class=\"wp-image-323\" srcset=\"https:\/\/association-toulouse-gravure.alwaysdata.net\/wp-content\/uploads\/2022\/04\/Capture-de\u0301cran-2022-04-12-a\u0300-17.44.12.png 520w, https:\/\/association-toulouse-gravure.alwaysdata.net\/wp-content\/uploads\/2022\/04\/Capture-de\u0301cran-2022-04-12-a\u0300-17.44.12-201x300.png 201w\" sizes=\"auto, (max-width: 520px) 100vw, 520px\" \/><\/figure>\n","protected":false},"excerpt":{"rendered":"<p>C&rsquo;\u00e9tait une habitude mise en place par Claudette Ferri\u00e9, responsable de l&rsquo;atelier de gravure, de demander \u00e0 chaque adh\u00e9rent de laisser \u00e0 l&rsquo;atelier une gravure de chacune des r\u00e9alisations. Apr\u00e8s presque quarante ans d&rsquo;existence l&rsquo;atelier dispose d&rsquo;un fond constitu\u00e9 de plus de 1000 gravures r\u00e9alis\u00e9es sur une p\u00e9riode d&rsquo;environ 40 ans et de nombreuses expositions [&hellip;]<\/p>\n","protected":false},"author":2,"featured_media":0,"parent":0,"menu_order":0,"comment_status":"closed","ping_status":"closed","template":"","meta":{"footnotes":""},"class_list":["post-283","page","type-page","status-publish","hentry"],"_links":{"self":[{"href":"https:\/\/association-toulouse-gravure.alwaysdata.net\/index.php\/wp-json\/wp\/v2\/pages\/283","targetHints":{"allow":["GET"]}}],"collection":[{"href":"https:\/\/association-toulouse-gravure.alwaysdata.net\/index.php\/wp-json\/wp\/v2\/pages"}],"about":[{"href":"https:\/\/association-toulouse-gravure.alwaysdata.net\/index.php\/wp-json\/wp\/v2\/types\/page"}],"author":[{"embeddable":true,"href":"https:\/\/association-toulouse-gravure.alwaysdata.net\/index.php\/wp-json\/wp\/v2\/users\/2"}],"replies":[{"embeddable":true,"href":"https:\/\/association-toulouse-gravure.alwaysdata.net\/index.php\/wp-json\/wp\/v2\/comments?post=283"}],"version-history":[{"count":7,"href":"https:\/\/association-toulouse-gravure.alwaysdata.net\/index.php\/wp-json\/wp\/v2\/pages\/283\/revisions"}],"predecessor-version":[{"id":326,"href":"https:\/\/association-toulouse-gravure.alwaysdata.net\/index.php\/wp-json\/wp\/v2\/pages\/283\/revisions\/326"}],"wp:attachment":[{"href":"https:\/\/association-toulouse-gravure.alwaysdata.net\/index.php\/wp-json\/wp\/v2\/media?parent=283"}],"curies":[{"name":"wp","href":"https:\/\/api.w.org\/{rel}","templated":true}]}}