{"id":190,"date":"2022-02-04T14:11:41","date_gmt":"2022-02-04T13:11:41","guid":{"rendered":"https:\/\/association-toulouse-gravure.alwaysdata.net\/?page_id=190"},"modified":"2026-01-01T11:35:03","modified_gmt":"2026-01-01T10:35:03","slug":"expositions","status":"publish","type":"page","link":"https:\/\/association-toulouse-gravure.alwaysdata.net\/index.php\/expositions\/","title":{"rendered":"Vie de l&rsquo;atelier &amp; Expositions"},"content":{"rendered":"\n<p><\/p>\n\n\n\n<figure class=\"wp-block-image size-large\"><img loading=\"lazy\" decoding=\"async\" width=\"717\" height=\"1024\" src=\"https:\/\/association-toulouse-gravure.alwaysdata.net\/wp-content\/uploads\/2025\/12\/ATG_marche\u0301_Noel_2025_V2_LD-717x1024.jpg\" alt=\"\" class=\"wp-image-766\" srcset=\"https:\/\/association-toulouse-gravure.alwaysdata.net\/wp-content\/uploads\/2025\/12\/ATG_marche\u0301_Noel_2025_V2_LD-717x1024.jpg 717w, https:\/\/association-toulouse-gravure.alwaysdata.net\/wp-content\/uploads\/2025\/12\/ATG_marche\u0301_Noel_2025_V2_LD-210x300.jpg 210w, https:\/\/association-toulouse-gravure.alwaysdata.net\/wp-content\/uploads\/2025\/12\/ATG_marche\u0301_Noel_2025_V2_LD-768x1097.jpg 768w, https:\/\/association-toulouse-gravure.alwaysdata.net\/wp-content\/uploads\/2025\/12\/ATG_marche\u0301_Noel_2025_V2_LD.jpg 800w\" sizes=\"auto, (max-width: 717px) 100vw, 717px\" \/><\/figure>\n\n\n\n<div class=\"wp-block-kevinbatdorf-animate-in-view\" animatein=\"animate-in-view\" enabled=\"1\" once=\"1\" direction=\"1\" threshold=\"1\" timing=\"1\" offset=\"2rem\">\n<pre class=\"wp-block-preformatted\"><strong>Novembre 2025<\/strong> <strong>Pr\u00e9sentation de la gravure au burin au mus\u00e9e Georges Dupu<\/strong>y<\/pre>\n<\/div>\n\n\n\n<figure class=\"wp-block-gallery has-nested-images columns-default is-cropped wp-block-gallery-1 is-layout-flex wp-block-gallery-is-layout-flex\">\n<figure class=\"wp-block-image size-large\"><img loading=\"lazy\" decoding=\"async\" width=\"838\" height=\"547\" data-id=\"773\" src=\"https:\/\/association-toulouse-gravure.alwaysdata.net\/wp-content\/uploads\/2025\/12\/Capture-de\u0301cran-2025-12-09-a\u0300-21.09.27.png\" alt=\"\" class=\"wp-image-773\" srcset=\"https:\/\/association-toulouse-gravure.alwaysdata.net\/wp-content\/uploads\/2025\/12\/Capture-de\u0301cran-2025-12-09-a\u0300-21.09.27.png 838w, https:\/\/association-toulouse-gravure.alwaysdata.net\/wp-content\/uploads\/2025\/12\/Capture-de\u0301cran-2025-12-09-a\u0300-21.09.27-300x196.png 300w, https:\/\/association-toulouse-gravure.alwaysdata.net\/wp-content\/uploads\/2025\/12\/Capture-de\u0301cran-2025-12-09-a\u0300-21.09.27-768x501.png 768w\" sizes=\"auto, (max-width: 838px) 100vw, 838px\" \/><figcaption class=\"wp-element-caption\">Demonstration au mus\u00e9e Paul Dupuy<\/figcaption><\/figure>\n\n\n\n<figure class=\"wp-block-image size-large\"><img loading=\"lazy\" decoding=\"async\" width=\"814\" height=\"569\" data-id=\"774\" src=\"https:\/\/association-toulouse-gravure.alwaysdata.net\/wp-content\/uploads\/2025\/12\/Capture-de\u0301cran-2025-12-09-a\u0300-21.09.48.png\" alt=\"\" class=\"wp-image-774\" srcset=\"https:\/\/association-toulouse-gravure.alwaysdata.net\/wp-content\/uploads\/2025\/12\/Capture-de\u0301cran-2025-12-09-a\u0300-21.09.48.png 814w, https:\/\/association-toulouse-gravure.alwaysdata.net\/wp-content\/uploads\/2025\/12\/Capture-de\u0301cran-2025-12-09-a\u0300-21.09.48-300x210.png 300w, https:\/\/association-toulouse-gravure.alwaysdata.net\/wp-content\/uploads\/2025\/12\/Capture-de\u0301cran-2025-12-09-a\u0300-21.09.48-768x537.png 768w\" sizes=\"auto, (max-width: 814px) 100vw, 814px\" \/><figcaption class=\"wp-element-caption\">Autour de Henri Georges Adam<\/figcaption><\/figure>\n<\/figure>\n\n\n\n<p><strong>Les Arts en Balade &#8211; Septembre 2025<\/strong><\/p>\n\n\n\n\n\n<p><strong>Manifestampe &#8211; Mai 2025<\/strong><\/p>\n\n\n\n<h2 class=\"wp-block-heading\">Galette des Rois et \u00e9change de gravures en ce d\u00e9but d&rsquo;ann\u00e9e 2025<\/h2>\n\n\n\n<figure class=\"wp-block-gallery alignwide has-nested-images columns-default is-cropped wp-block-gallery-2 is-layout-flex wp-block-gallery-is-layout-flex\">\n<figure class=\"wp-block-image size-large\"><img loading=\"lazy\" decoding=\"async\" width=\"1024\" height=\"768\" data-id=\"661\" src=\"https:\/\/association-toulouse-gravure.alwaysdata.net\/wp-content\/uploads\/2025\/01\/PXL_20250118_162818199-1024x768.jpg\" alt=\"\" class=\"wp-image-661\" srcset=\"https:\/\/association-toulouse-gravure.alwaysdata.net\/wp-content\/uploads\/2025\/01\/PXL_20250118_162818199-1024x768.jpg 1024w, https:\/\/association-toulouse-gravure.alwaysdata.net\/wp-content\/uploads\/2025\/01\/PXL_20250118_162818199-300x225.jpg 300w, https:\/\/association-toulouse-gravure.alwaysdata.net\/wp-content\/uploads\/2025\/01\/PXL_20250118_162818199-768x576.jpg 768w, https:\/\/association-toulouse-gravure.alwaysdata.net\/wp-content\/uploads\/2025\/01\/PXL_20250118_162818199-1536x1152.jpg 1536w, https:\/\/association-toulouse-gravure.alwaysdata.net\/wp-content\/uploads\/2025\/01\/PXL_20250118_162818199-2048x1536.jpg 2048w, https:\/\/association-toulouse-gravure.alwaysdata.net\/wp-content\/uploads\/2025\/01\/PXL_20250118_162818199-1200x900.jpg 1200w, https:\/\/association-toulouse-gravure.alwaysdata.net\/wp-content\/uploads\/2025\/01\/PXL_20250118_162818199-1980x1485.jpg 1980w\" sizes=\"auto, (max-width: 1024px) 100vw, 1024px\" \/><\/figure>\n\n\n\n<figure class=\"wp-block-image size-large\"><img loading=\"lazy\" decoding=\"async\" width=\"1024\" height=\"768\" data-id=\"663\" src=\"https:\/\/association-toulouse-gravure.alwaysdata.net\/wp-content\/uploads\/2025\/01\/PXL_20250118_162835025-1024x768.jpg\" alt=\"\" class=\"wp-image-663\" srcset=\"https:\/\/association-toulouse-gravure.alwaysdata.net\/wp-content\/uploads\/2025\/01\/PXL_20250118_162835025-1024x768.jpg 1024w, https:\/\/association-toulouse-gravure.alwaysdata.net\/wp-content\/uploads\/2025\/01\/PXL_20250118_162835025-300x225.jpg 300w, https:\/\/association-toulouse-gravure.alwaysdata.net\/wp-content\/uploads\/2025\/01\/PXL_20250118_162835025-768x576.jpg 768w, https:\/\/association-toulouse-gravure.alwaysdata.net\/wp-content\/uploads\/2025\/01\/PXL_20250118_162835025-1536x1152.jpg 1536w, https:\/\/association-toulouse-gravure.alwaysdata.net\/wp-content\/uploads\/2025\/01\/PXL_20250118_162835025-2048x1536.jpg 2048w, https:\/\/association-toulouse-gravure.alwaysdata.net\/wp-content\/uploads\/2025\/01\/PXL_20250118_162835025-1200x900.jpg 1200w, https:\/\/association-toulouse-gravure.alwaysdata.net\/wp-content\/uploads\/2025\/01\/PXL_20250118_162835025-1980x1485.jpg 1980w\" sizes=\"auto, (max-width: 1024px) 100vw, 1024px\" \/><\/figure>\n\n\n\n<figure class=\"wp-block-image size-large\"><img loading=\"lazy\" decoding=\"async\" width=\"1024\" height=\"768\" data-id=\"662\" src=\"https:\/\/association-toulouse-gravure.alwaysdata.net\/wp-content\/uploads\/2025\/01\/PXL_20250118_171331923-1-1024x768.jpg\" alt=\"\" class=\"wp-image-662\" srcset=\"https:\/\/association-toulouse-gravure.alwaysdata.net\/wp-content\/uploads\/2025\/01\/PXL_20250118_171331923-1-1024x768.jpg 1024w, https:\/\/association-toulouse-gravure.alwaysdata.net\/wp-content\/uploads\/2025\/01\/PXL_20250118_171331923-1-300x225.jpg 300w, https:\/\/association-toulouse-gravure.alwaysdata.net\/wp-content\/uploads\/2025\/01\/PXL_20250118_171331923-1-768x576.jpg 768w, https:\/\/association-toulouse-gravure.alwaysdata.net\/wp-content\/uploads\/2025\/01\/PXL_20250118_171331923-1-1536x1152.jpg 1536w, https:\/\/association-toulouse-gravure.alwaysdata.net\/wp-content\/uploads\/2025\/01\/PXL_20250118_171331923-1-2048x1536.jpg 2048w, https:\/\/association-toulouse-gravure.alwaysdata.net\/wp-content\/uploads\/2025\/01\/PXL_20250118_171331923-1-1200x900.jpg 1200w, https:\/\/association-toulouse-gravure.alwaysdata.net\/wp-content\/uploads\/2025\/01\/PXL_20250118_171331923-1-1980x1485.jpg 1980w\" sizes=\"auto, (max-width: 1024px) 100vw, 1024px\" \/><\/figure>\n\n\n\n<figure class=\"wp-block-image size-large\"><img loading=\"lazy\" decoding=\"async\" width=\"1024\" height=\"768\" data-id=\"664\" src=\"https:\/\/association-toulouse-gravure.alwaysdata.net\/wp-content\/uploads\/2025\/01\/PXL_20250118_171334664-1-1024x768.jpg\" alt=\"\" class=\"wp-image-664\" srcset=\"https:\/\/association-toulouse-gravure.alwaysdata.net\/wp-content\/uploads\/2025\/01\/PXL_20250118_171334664-1-1024x768.jpg 1024w, https:\/\/association-toulouse-gravure.alwaysdata.net\/wp-content\/uploads\/2025\/01\/PXL_20250118_171334664-1-300x225.jpg 300w, https:\/\/association-toulouse-gravure.alwaysdata.net\/wp-content\/uploads\/2025\/01\/PXL_20250118_171334664-1-768x576.jpg 768w, https:\/\/association-toulouse-gravure.alwaysdata.net\/wp-content\/uploads\/2025\/01\/PXL_20250118_171334664-1-1536x1152.jpg 1536w, https:\/\/association-toulouse-gravure.alwaysdata.net\/wp-content\/uploads\/2025\/01\/PXL_20250118_171334664-1-2048x1536.jpg 2048w, https:\/\/association-toulouse-gravure.alwaysdata.net\/wp-content\/uploads\/2025\/01\/PXL_20250118_171334664-1-1200x900.jpg 1200w, https:\/\/association-toulouse-gravure.alwaysdata.net\/wp-content\/uploads\/2025\/01\/PXL_20250118_171334664-1-1980x1485.jpg 1980w\" sizes=\"auto, (max-width: 1024px) 100vw, 1024px\" \/><\/figure>\n<\/figure>\n\n\n\n<div data-wp-interactive=\"core\/file\" class=\"wp-block-file\"><object data-wp-bind--hidden=\"!state.hasPdfPreview\" hidden class=\"wp-block-file__embed\" data=\"https:\/\/association-toulouse-gravure.alwaysdata.net\/wp-content\/uploads\/2024\/12\/Le-petit-journal-numero-1-2.pdf\" type=\"application\/pdf\" style=\"width:100%;height:600px\" aria-label=\"Contenu embarqu\u00e9 Le  petit journal numero 1.\"><\/object><a id=\"wp-block-file--media-bd394376-df96-4019-ac4a-c3b4e5009fc7\" href=\"https:\/\/association-toulouse-gravure.alwaysdata.net\/wp-content\/uploads\/2024\/12\/Le-petit-journal-numero-1-2.pdf\">Le  petit journal numero 1<\/a><a href=\"https:\/\/association-toulouse-gravure.alwaysdata.net\/wp-content\/uploads\/2024\/12\/Le-petit-journal-numero-1-2.pdf\" class=\"wp-block-file__button wp-element-button\" download aria-describedby=\"wp-block-file--media-bd394376-df96-4019-ac4a-c3b4e5009fc7\">T\u00e9l\u00e9charger<\/a><\/div>\n\n\n\n<h2 class=\"wp-block-heading\">Pot de d\u00e9part de Claudette Ferri\u00e9 <\/h2>\n\n\n\n<h4 class=\"wp-block-heading\">Claudette Ferri\u00e9 a cr\u00e9e l&rsquo;atelier de gravure du centre centre culturel Croix Baragnon et l&rsquo;a dirig\u00e9 jusqu&rsquo;en 2021.<\/h4>\n\n\n\n<figure class=\"wp-block-gallery has-nested-images columns-default is-cropped wp-block-gallery-3 is-layout-flex wp-block-gallery-is-layout-flex\">\n<figure class=\"wp-block-image size-large\"><img loading=\"lazy\" decoding=\"async\" width=\"500\" height=\"454\" data-id=\"627\" src=\"https:\/\/association-toulouse-gravure.alwaysdata.net\/wp-content\/uploads\/2024\/10\/Capture-de\u0301cran-2024-10-15-a\u0300-13.21.55-1.png\" alt=\"\" class=\"wp-image-627\" srcset=\"https:\/\/association-toulouse-gravure.alwaysdata.net\/wp-content\/uploads\/2024\/10\/Capture-de\u0301cran-2024-10-15-a\u0300-13.21.55-1.png 500w, https:\/\/association-toulouse-gravure.alwaysdata.net\/wp-content\/uploads\/2024\/10\/Capture-de\u0301cran-2024-10-15-a\u0300-13.21.55-1-300x272.png 300w\" sizes=\"auto, (max-width: 500px) 100vw, 500px\" \/><\/figure>\n<\/figure>\n\n\n\n<h2 class=\"wp-block-heading\"><strong><em>Expositions de l&rsquo;atelier Garrigou (asso.Toulouse Gravure) et de l&rsquo;ex atelier de gravure Croix-Baragnon<\/em><\/strong><\/h2>\n\n\n\n<ul class=\"wp-block-list\">\n<li><strong>L&rsquo;atelier Toulouse gravure participe \u00e0 la 11 \u00e9me f\u00eate de l&rsquo;estampe<\/strong><img loading=\"lazy\" decoding=\"async\" width=\"1000\" height=\"1409\" class=\"wp-image-472\" style=\"width: 1000px;\" src=\"https:\/\/association-toulouse-gravure.alwaysdata.net\/wp-content\/uploads\/2023\/05\/Capture-de\u0301cran-2023-05-22-a\u0300-14.28.02.png\" alt=\"\" srcset=\"https:\/\/association-toulouse-gravure.alwaysdata.net\/wp-content\/uploads\/2023\/05\/Capture-de\u0301cran-2023-05-22-a\u0300-14.28.02.png 563w, https:\/\/association-toulouse-gravure.alwaysdata.net\/wp-content\/uploads\/2023\/05\/Capture-de\u0301cran-2023-05-22-a\u0300-14.28.02-213x300.png 213w\" sizes=\"auto, (max-width: 1000px) 100vw, 1000px\" \/><\/li>\n<\/ul>\n\n\n\n<ul class=\"wp-block-list\">\n<li><strong>Les Arts en Balade 2022<\/strong><\/li>\n<\/ul>\n\n\n\n<figure class=\"wp-block-gallery has-nested-images columns-default is-cropped wp-block-gallery-4 is-layout-flex wp-block-gallery-is-layout-flex\">\n<figure class=\"wp-block-image size-large\"><img loading=\"lazy\" decoding=\"async\" width=\"500\" height=\"331\" data-id=\"424\" src=\"https:\/\/association-toulouse-gravure.alwaysdata.net\/wp-content\/uploads\/2022\/10\/Capture-de\u0301cran-2022-10-04-a\u0300-11.38.56.png\" alt=\"\" class=\"wp-image-424\" srcset=\"https:\/\/association-toulouse-gravure.alwaysdata.net\/wp-content\/uploads\/2022\/10\/Capture-de\u0301cran-2022-10-04-a\u0300-11.38.56.png 500w, https:\/\/association-toulouse-gravure.alwaysdata.net\/wp-content\/uploads\/2022\/10\/Capture-de\u0301cran-2022-10-04-a\u0300-11.38.56-300x199.png 300w\" sizes=\"auto, (max-width: 500px) 100vw, 500px\" \/><\/figure>\n\n\n\n<figure class=\"wp-block-image size-large\"><img loading=\"lazy\" decoding=\"async\" width=\"300\" height=\"417\" data-id=\"423\" src=\"https:\/\/association-toulouse-gravure.alwaysdata.net\/wp-content\/uploads\/2022\/10\/Capture-de\u0301cran-2022-10-04-a\u0300-11.32.19.png\" alt=\"\" class=\"wp-image-423\" srcset=\"https:\/\/association-toulouse-gravure.alwaysdata.net\/wp-content\/uploads\/2022\/10\/Capture-de\u0301cran-2022-10-04-a\u0300-11.32.19.png 300w, https:\/\/association-toulouse-gravure.alwaysdata.net\/wp-content\/uploads\/2022\/10\/Capture-de\u0301cran-2022-10-04-a\u0300-11.32.19-216x300.png 216w\" sizes=\"auto, (max-width: 300px) 100vw, 300px\" \/><\/figure>\n\n\n\n<figure class=\"wp-block-image size-large\"><img loading=\"lazy\" decoding=\"async\" width=\"500\" height=\"330\" data-id=\"422\" src=\"https:\/\/association-toulouse-gravure.alwaysdata.net\/wp-content\/uploads\/2022\/10\/Capture-de\u0301cran-2022-10-04-a\u0300-11.38.19.png\" alt=\"\" class=\"wp-image-422\" srcset=\"https:\/\/association-toulouse-gravure.alwaysdata.net\/wp-content\/uploads\/2022\/10\/Capture-de\u0301cran-2022-10-04-a\u0300-11.38.19.png 500w, https:\/\/association-toulouse-gravure.alwaysdata.net\/wp-content\/uploads\/2022\/10\/Capture-de\u0301cran-2022-10-04-a\u0300-11.38.19-300x198.png 300w\" sizes=\"auto, (max-width: 500px) 100vw, 500px\" \/><\/figure>\n\n\n\n<figure class=\"wp-block-image size-large\"><img loading=\"lazy\" decoding=\"async\" width=\"538\" height=\"749\" data-id=\"411\" src=\"https:\/\/association-toulouse-gravure.alwaysdata.net\/wp-content\/uploads\/2022\/08\/Capture-de\u0301cran-2022-08-30-a\u0300-08.53.14.png\" alt=\"\" class=\"wp-image-411\" srcset=\"https:\/\/association-toulouse-gravure.alwaysdata.net\/wp-content\/uploads\/2022\/08\/Capture-de\u0301cran-2022-08-30-a\u0300-08.53.14.png 538w, https:\/\/association-toulouse-gravure.alwaysdata.net\/wp-content\/uploads\/2022\/08\/Capture-de\u0301cran-2022-08-30-a\u0300-08.53.14-215x300.png 215w\" sizes=\"auto, (max-width: 538px) 100vw, 538px\" \/><\/figure>\n\n\n\n<figure class=\"wp-block-image size-large\"><img loading=\"lazy\" decoding=\"async\" width=\"300\" height=\"420\" data-id=\"421\" src=\"https:\/\/association-toulouse-gravure.alwaysdata.net\/wp-content\/uploads\/2022\/10\/Capture-de\u0301cran-2022-10-04-a\u0300-11.39.43.png\" alt=\"\" class=\"wp-image-421\" srcset=\"https:\/\/association-toulouse-gravure.alwaysdata.net\/wp-content\/uploads\/2022\/10\/Capture-de\u0301cran-2022-10-04-a\u0300-11.39.43.png 300w, https:\/\/association-toulouse-gravure.alwaysdata.net\/wp-content\/uploads\/2022\/10\/Capture-de\u0301cran-2022-10-04-a\u0300-11.39.43-214x300.png 214w\" sizes=\"auto, (max-width: 300px) 100vw, 300px\" \/><\/figure>\n\n\n\n<figure class=\"wp-block-image size-large\"><img loading=\"lazy\" decoding=\"async\" width=\"500\" height=\"661\" data-id=\"405\" src=\"https:\/\/association-toulouse-gravure.alwaysdata.net\/wp-content\/uploads\/2022\/08\/Capture-de\u0301cran-2022-08-28-a\u0300-16.27.53-1.png\" alt=\"\" class=\"wp-image-405\" srcset=\"https:\/\/association-toulouse-gravure.alwaysdata.net\/wp-content\/uploads\/2022\/08\/Capture-de\u0301cran-2022-08-28-a\u0300-16.27.53-1.png 500w, https:\/\/association-toulouse-gravure.alwaysdata.net\/wp-content\/uploads\/2022\/08\/Capture-de\u0301cran-2022-08-28-a\u0300-16.27.53-1-227x300.png 227w\" sizes=\"auto, (max-width: 500px) 100vw, 500px\" \/><\/figure>\n<\/figure>\n\n\n\n<div class=\"wp-block-columns is-layout-flex wp-container-core-columns-is-layout-9d6595d7 wp-block-columns-is-layout-flex\">\n<div class=\"wp-block-column is-layout-flow wp-block-column-is-layout-flow\" style=\"flex-basis:100%\">\n<div class=\"wp-block-group\"><div class=\"wp-block-group__inner-container is-layout-flow wp-block-group-is-layout-flow\">\n<div class=\"wp-block-columns is-layout-flex wp-container-core-columns-is-layout-9d6595d7 wp-block-columns-is-layout-flex\">\n<div class=\"wp-block-column is-layout-flow wp-block-column-is-layout-flow\" style=\"flex-basis:100%\">\n<ul class=\"wp-block-list has-normal-font-size\">\n<li><strong>2022 F\u00eate de l&rsquo;estampe 26 au 29 Mai 2022<\/strong>\n<ul class=\"wp-block-list\">\n<li>Ouverture au public de l&rsquo;atelier Toulouse Garrigou, pr\u00e9sentation des diff\u00e9rentes techniques mises en oeuvre avec d\u00e9monstration.<\/li>\n\n\n\n<li>Pr\u00e9sentation de l&rsquo;exposition \u00ab\u00a0Le Chant des Villes\u00a0\u00bb, une serie d&rsquo;estampe pour illustrer des textes ou des po\u00e8mes sur la Cit\u00e9.<\/li>\n\n\n\n<li>Exposition des artistes de l&rsquo;association Toulouse Gravure<\/li>\n<\/ul>\n<\/li>\n\n\n\n<li>2019 <a href=\"https:\/\/www.youtube.com\/watch?v=KXTQXDOKMe0&amp;t=31s\">Bo\u00eetes &amp; Reliques Mus\u00e9e Raymond Lafage. Lisle sur Tarn 2019<\/a><\/li>\n<\/ul>\n<\/div>\n<\/div>\n<\/div><\/div>\n<\/div>\n<\/div>\n\n\n\n<ul class=\"wp-block-list\">\n<li>2016 Illustrations des po\u00e8mes Catalans de Monserrat Abel\u00f2\n<ul class=\"wp-block-list\">\n<li>2016 Centre Occitan de Toulouse<\/li>\n\n\n\n<li>2015 Exposition \u00e0 la maison de la culture de San Cugar<\/li>\n<\/ul>\n<\/li>\n<\/ul>\n\n\n\n<ul class=\"wp-block-list\">\n<li>2016 Hommage \u00e0 Toulouse Lautrec autour du cirque. Mus\u00e9e R.Lafage <\/li>\n\n\n\n<li>2016 Livres d&rsquo;artistes de l&rsquo;atelier de gravure. Mus\u00e9e R.Lafage <\/li>\n\n\n\n<li>2012 L&rsquo;estampe contemporaine. Villeneuve Tolosane.<\/li>\n\n\n\n<li>2011 Les gravures culinaires. Livre d&rsquo;artistes<\/li>\n\n\n\n<li>2009 Exposition de gravures contempoaraines. Toulouse<\/li>\n\n\n\n<li>2008 La foire aux livres d&rsquo;exception \u00e0 la m\u00e9diath\u00e8que d&rsquo;Albi.<\/li>\n\n\n\n<li>2007 VIII\u00b0 biennale internationale de gravure d&rsquo;Aqui (Italie)<\/li>\n\n\n\n<li>2006 Bestiaire et bestiaire imaginaire. Mus\u00e9e Raymond Lafage \u00e0 Lisle sur Tarn.<\/li>\n\n\n\n<li>2005 Biennale internationale miniprint de Cluj- Napoca (Bulgarie)<\/li>\n\n\n\n<li>2004 <ul><li>Galerie Amacla Toulouse<\/li><\/ul>\n<ul class=\"wp-block-list\">\n<li>Miniprint International de Sofia<\/li>\n\n\n\n<li>Biennale internationale d&rsquo;art de Qu\u00e8bec.<\/li>\n<\/ul>\n<\/li>\n\n\n\n<li>2001 Miniprint internationale de Cadaqu\u00e8s<\/li>\n\n\n\n<li>1999 Prix des rencontres internationales de gravure d&rsquo;Osaka (Japon)<\/li>\n\n\n\n<li>1997 Biblioth\u00e8que du patrimoine de Toulouse<\/li>\n\n\n\n<li>1994 Triennale mondiale d&rsquo;estampes de Chamali\u00e8res<\/li>\n\n\n\n<li>1993 Arthot\u00e8que de Toulouse<\/li>\n\n\n\n<li>1999 Espace Croix-Baragnon Toulouse<\/li>\n<\/ul>\n\n\n\n<p><\/p>\n","protected":false},"excerpt":{"rendered":"<p>Les Arts en Balade &#8211; Septembre 2025 Manifestampe &#8211; Mai 2025 Galette des Rois et \u00e9change de gravures en ce d\u00e9but d&rsquo;ann\u00e9e 2025 Pot de d\u00e9part de Claudette Ferri\u00e9 Claudette Ferri\u00e9 a cr\u00e9e l&rsquo;atelier de gravure du centre centre culturel Croix Baragnon et l&rsquo;a dirig\u00e9 jusqu&rsquo;en 2021. Expositions de l&rsquo;atelier Garrigou (asso.Toulouse Gravure) et de [&hellip;]<\/p>\n","protected":false},"author":2,"featured_media":0,"parent":0,"menu_order":0,"comment_status":"closed","ping_status":"closed","template":"","meta":{"footnotes":""},"class_list":["post-190","page","type-page","status-publish","hentry"],"_links":{"self":[{"href":"https:\/\/association-toulouse-gravure.alwaysdata.net\/index.php\/wp-json\/wp\/v2\/pages\/190","targetHints":{"allow":["GET"]}}],"collection":[{"href":"https:\/\/association-toulouse-gravure.alwaysdata.net\/index.php\/wp-json\/wp\/v2\/pages"}],"about":[{"href":"https:\/\/association-toulouse-gravure.alwaysdata.net\/index.php\/wp-json\/wp\/v2\/types\/page"}],"author":[{"embeddable":true,"href":"https:\/\/association-toulouse-gravure.alwaysdata.net\/index.php\/wp-json\/wp\/v2\/users\/2"}],"replies":[{"embeddable":true,"href":"https:\/\/association-toulouse-gravure.alwaysdata.net\/index.php\/wp-json\/wp\/v2\/comments?post=190"}],"version-history":[{"count":23,"href":"https:\/\/association-toulouse-gravure.alwaysdata.net\/index.php\/wp-json\/wp\/v2\/pages\/190\/revisions"}],"predecessor-version":[{"id":783,"href":"https:\/\/association-toulouse-gravure.alwaysdata.net\/index.php\/wp-json\/wp\/v2\/pages\/190\/revisions\/783"}],"wp:attachment":[{"href":"https:\/\/association-toulouse-gravure.alwaysdata.net\/index.php\/wp-json\/wp\/v2\/media?parent=190"}],"curies":[{"name":"wp","href":"https:\/\/api.w.org\/{rel}","templated":true}]}}