{"id":131,"date":"2022-01-21T12:27:37","date_gmt":"2022-01-21T11:27:37","guid":{"rendered":"https:\/\/association-toulouse-gravure.alwaysdata.net\/?page_id=131"},"modified":"2025-12-09T20:45:08","modified_gmt":"2025-12-09T19:45:08","slug":"page-de-test-2","status":"publish","type":"page","link":"https:\/\/association-toulouse-gravure.alwaysdata.net\/index.php\/page-de-test-2\/","title":{"rendered":"Pr\u00e9sentation"},"content":{"rendered":"\n<h3 class=\"wp-block-heading\" id=\"atelier-toulouse-gravure-ex-atelier-de-gravure-du-centre-culturel-croix-baragnon-1\">Atelier Toulouse Gravure, ex atelier de gravure du centre culturel Croix Baragnon.<\/h3>\n\n\n\n<ul class=\"wp-block-list\">\n<li>L&rsquo; atelier Toulouse Gravure s&rsquo;inscrit dans la continuit\u00e9 de l&rsquo;atelier de gravure du centre culturel Croix-Baragnon fond\u00e9 en 1984 par Claudette Ferri\u00e9.<\/li>\n\n\n\n<li>Il dispose de 3 presses professionnelles ( une Ledeuil et deux Vincent Moreau) qui sont utilis\u00e9es pour la taille douce et le monotype ainsi qu&rsquo;une petite  presse pour la taille d&rsquo;\u00e9pargne (linogravure et gravure sur bois).<\/li>\n\n\n\n<li>Pendant pr\u00e9s de quarante ans de nombreux amateurs et professionnels se sont form\u00e9s dans cet atelier qui dispose d&rsquo;un fond important de gravures.<\/li>\n\n\n\n<li>L&rsquo;atelier est ouvert \u00e0 tout les amateurs qui souhaitent s&rsquo;initier ou pratiquer la gravure moyennant une adh\u00e9sion et une cotisation annuelle payable en une seule fois au moment de l&rsquo;inscription.<\/li>\n\n\n\n<li>L&rsquo;atelier participe aux manifestations permettant de promouvoir et de diffuser l&rsquo;art de la taille-douce et dans l&rsquo;avenir des stages et des formations sp\u00e9cifiques y seront organis\u00e9s.<\/li>\n<\/ul>\n\n\n\n<p><\/p>\n","protected":false},"excerpt":{"rendered":"<p>Atelier Toulouse Gravure, ex atelier de gravure du centre culturel Croix Baragnon.<\/p>\n","protected":false},"author":2,"featured_media":0,"parent":0,"menu_order":0,"comment_status":"closed","ping_status":"closed","template":"","meta":{"footnotes":""},"class_list":["post-131","page","type-page","status-publish","hentry"],"_links":{"self":[{"href":"https:\/\/association-toulouse-gravure.alwaysdata.net\/index.php\/wp-json\/wp\/v2\/pages\/131","targetHints":{"allow":["GET"]}}],"collection":[{"href":"https:\/\/association-toulouse-gravure.alwaysdata.net\/index.php\/wp-json\/wp\/v2\/pages"}],"about":[{"href":"https:\/\/association-toulouse-gravure.alwaysdata.net\/index.php\/wp-json\/wp\/v2\/types\/page"}],"author":[{"embeddable":true,"href":"https:\/\/association-toulouse-gravure.alwaysdata.net\/index.php\/wp-json\/wp\/v2\/users\/2"}],"replies":[{"embeddable":true,"href":"https:\/\/association-toulouse-gravure.alwaysdata.net\/index.php\/wp-json\/wp\/v2\/comments?post=131"}],"version-history":[{"count":21,"href":"https:\/\/association-toulouse-gravure.alwaysdata.net\/index.php\/wp-json\/wp\/v2\/pages\/131\/revisions"}],"predecessor-version":[{"id":761,"href":"https:\/\/association-toulouse-gravure.alwaysdata.net\/index.php\/wp-json\/wp\/v2\/pages\/131\/revisions\/761"}],"wp:attachment":[{"href":"https:\/\/association-toulouse-gravure.alwaysdata.net\/index.php\/wp-json\/wp\/v2\/media?parent=131"}],"curies":[{"name":"wp","href":"https:\/\/api.w.org\/{rel}","templated":true}]}}